{"id":7644,"date":"2025-02-02T21:15:04","date_gmt":"2025-02-02T18:15:04","guid":{"rendered":"https:\/\/yarisma.modelcilikkulubu.org\/2025-sponsorlarimiz"},"modified":"2026-01-21T23:44:28","modified_gmt":"2026-01-21T20:44:28","slug":"our-2025-event-sponsors","status":"publish","type":"page","link":"https:\/\/istanbulmodelshow.com\/en\/our-2025-event-sponsors","title":{"rendered":"Our 2026 Event Sponsors"},"content":{"rendered":"<section class=\"wpb-content-wrapper\">[vc_row][vc_column width=&#8221;1\/1&#8243;]<h2  class=\"h-custom-headline\" ><span>Our 2026 Event Sponsors<\/span><\/h2>[vc_masonry_media_grid element_width=&#8221;2&#8243; gap=&#8221;10&#8243; grid_id=&#8221;vc_gid:1769028250037-3fc51a54-8652-9&#8243; include=&#8221;7797,7766,7771,7777,7735&#8243;]<p>Our 2026 sponsorship activities continue. All our sponsors will be published on this page soon.<\/p>\n<p>&nbsp;<\/p>\n<p>For Sponsorship and Table Rental, you can contact the following names.<\/p>\n<p>&nbsp;<\/p>\n<p style=\"text-align: center;\"><strong>Contact<\/strong><\/p>\n<p style=\"text-align: center;\"><strong>Kerem Erkmen<\/strong><\/p>\n<p style=\"text-align: center;\">Press Broadcasting and Public Relations Officer<\/p>\n<p style=\"text-align: center;\">+90 532 612 30 12<\/p>\n<p style=\"text-align: center;\"><strong>Nezih \u0130\u00e7\u00f6z<\/strong><\/p>\n<p style=\"text-align: center;\">Association Board Member<\/p>\n<p style=\"text-align: center;\">+90 0537 369 49 63<\/p>\n<p style=\"text-align: center;\"><strong>Tahir \u00d6zcivan<\/strong><\/p>\n<p style=\"text-align: center;\">Modeling Club Association President<\/p>\n<p style=\"text-align: center;\"><strong>Modeling Club Association<\/strong><\/p>\n<p style=\"text-align: center;\">Osmana\u011fa, Ku\u015fdili Cd. No:14 Kat 2 No.123,34714 Kad\u0131k\u00f6y\/\u0130stanbul-T\u00dcRK\u0130YE<\/p>\n<p style=\"text-align: center;\">info@modelcilikkul\u00fcb\u00fc.org<\/p>\n[\/vc_column][\/vc_row]\n<\/section>","protected":false},"excerpt":{"rendered":"<p>[vc_row][vc_column width=&#8221;1\/1&#8243;][vc_masonry_media_grid element_width=&#8221;2&#8243; gap=&#8221;10&#8243; grid_id=&#8221;vc_gid:1769028250037-3fc51a54-8652-9&#8243; include=&#8221;7797,7766,7771,7777,7735&#8243;][\/vc_column][\/vc_row]<\/p>\n","protected":false},"author":1,"featured_media":0,"parent":0,"menu_order":0,"comment_status":"closed","ping_status":"closed","template":"template-blank-1.php","meta":{"footnotes":""},"class_list":["post-7644","page","type-page","status-publish","hentry","no-post-thumbnail"],"_links":{"self":[{"href":"https:\/\/istanbulmodelshow.com\/en\/wp-json\/wp\/v2\/pages\/7644","targetHints":{"allow":["GET"]}}],"collection":[{"href":"https:\/\/istanbulmodelshow.com\/en\/wp-json\/wp\/v2\/pages"}],"about":[{"href":"https:\/\/istanbulmodelshow.com\/en\/wp-json\/wp\/v2\/types\/page"}],"author":[{"embeddable":true,"href":"https:\/\/istanbulmodelshow.com\/en\/wp-json\/wp\/v2\/users\/1"}],"replies":[{"embeddable":true,"href":"https:\/\/istanbulmodelshow.com\/en\/wp-json\/wp\/v2\/comments?post=7644"}],"version-history":[{"count":8,"href":"https:\/\/istanbulmodelshow.com\/en\/wp-json\/wp\/v2\/pages\/7644\/revisions"}],"predecessor-version":[{"id":8088,"href":"https:\/\/istanbulmodelshow.com\/en\/wp-json\/wp\/v2\/pages\/7644\/revisions\/8088"}],"wp:attachment":[{"href":"https:\/\/istanbulmodelshow.com\/en\/wp-json\/wp\/v2\/media?parent=7644"}],"curies":[{"name":"wp","href":"https:\/\/api.w.org\/{rel}","templated":true}]}}