{"id":7656,"date":"2025-02-02T17:20:43","date_gmt":"2025-02-02T14:20:43","guid":{"rendered":"https:\/\/yarisma.modelcilikkulubu.org\/degerlendirme"},"modified":"2026-01-20T23:14:24","modified_gmt":"2026-01-20T20:14:24","slug":"evaluation-of-models","status":"publish","type":"page","link":"https:\/\/istanbulmodelshow.com\/en\/evaluation-of-models","title":{"rendered":"Evaluation of Models"},"content":{"rendered":"<h5>Evaluation of Models<\/h5>\n<p>Evaluation of models participating in the competition will begin on Saturday, May 02, 2026 at 15:30.<\/p>\n<p>In addition to the best three models in each category, the following special awards will be determined by a special jury<\/p>\n<p>&nbsp;<\/p>\n<p>Best model \/ Best of Show<\/p>\n<p>Mehmet C. \u015eEKERC\u0130O\u011eLU special award \/ Best Turkish Military aircraft special award<\/p>\n<p>Ruh\u015fen Sayra\u00e7 Special Award \/ Best painted model special award<\/p>\n<p>Nejat Deryakulu Special Award \/ Best Turkish Military Land Vehicle model special award<\/p>\n<p>Most Prolific Modeler Special Award<\/p>\n<p>NOTE: 2026 special theme categories will be announced later.<\/p>\n","protected":false},"excerpt":{"rendered":"<p>Evaluation of Models Evaluation of models participating in the competition will begin on Saturday, May 02, 2026 at 15:30. In addition to the best three models in each category, the following special awards will be determined by a special jury &nbsp; Best model \/ Best of Show Mehmet C. \u015eEKERC\u0130O\u011eLU special award \/ Best Turkish Military aircraft special award Ruh\u015fen &#8230;<\/p>\n","protected":false},"author":1,"featured_media":0,"parent":0,"menu_order":0,"comment_status":"closed","ping_status":"closed","template":"template-blank-1.php","meta":{"footnotes":""},"class_list":["post-7656","page","type-page","status-publish","hentry","no-post-thumbnail"],"_links":{"self":[{"href":"https:\/\/istanbulmodelshow.com\/en\/wp-json\/wp\/v2\/pages\/7656","targetHints":{"allow":["GET"]}}],"collection":[{"href":"https:\/\/istanbulmodelshow.com\/en\/wp-json\/wp\/v2\/pages"}],"about":[{"href":"https:\/\/istanbulmodelshow.com\/en\/wp-json\/wp\/v2\/types\/page"}],"author":[{"embeddable":true,"href":"https:\/\/istanbulmodelshow.com\/en\/wp-json\/wp\/v2\/users\/1"}],"replies":[{"embeddable":true,"href":"https:\/\/istanbulmodelshow.com\/en\/wp-json\/wp\/v2\/comments?post=7656"}],"version-history":[{"count":2,"href":"https:\/\/istanbulmodelshow.com\/en\/wp-json\/wp\/v2\/pages\/7656\/revisions"}],"predecessor-version":[{"id":8057,"href":"https:\/\/istanbulmodelshow.com\/en\/wp-json\/wp\/v2\/pages\/7656\/revisions\/8057"}],"wp:attachment":[{"href":"https:\/\/istanbulmodelshow.com\/en\/wp-json\/wp\/v2\/media?parent=7656"}],"curies":[{"name":"wp","href":"https:\/\/api.w.org\/{rel}","templated":true}]}}