{"id":7709,"date":"2013-06-03T01:46:28","date_gmt":"2013-06-03T01:46:28","guid":{"rendered":"https:\/\/yarisma.modelcilikkulubu.org\/home-2"},"modified":"2025-05-09T23:24:45","modified_gmt":"2025-05-09T20:24:45","slug":"home-2-2","status":"publish","type":"page","link":"https:\/\/istanbulmodelshow.com\/en","title":{"rendered":"Ana Sayfa"},"content":{"rendered":"<section class=\"wpb-content-wrapper\">[vc_row no_margin=&#8221;true&#8221; padding_top=&#8221;10 px&#8221;][vc_column fade_animation_offset=&#8221;4px&#8221; width=&#8221;1\/1&#8243;]<div  class=\"x-video embed with-container\" ><div class=\"x-video-inner\"><iframe loading=\"lazy\" style=\"border: none; overflow: hidden;\" src=\"https:\/\/www.facebook.com\/plugins\/video.php?height=314&amp;href=https%3A%2F%2Fwww.facebook.com%2Fmodelcilikkulubu%2Fvideos%2F3756431761316252%2F&amp;show_text=false&amp;width=560&amp;t=0\" width=\"560\" height=\"314\" frameborder=\"0\" scrolling=\"no\" allowfullscreen=\"allowfullscreen\"><\/iframe><\/div><\/div><hr  class=\"x-gap\" style=\"margin: 30px 0 0 0;\"><p style=\"text-align: justify;\"><strong>ISTANBUL MODEL SHOW<\/strong> (\u00f6nceki ad\u0131 ile \u00d6l\u00e7ekli D\u00fcnyalar Model Yar\u0131\u015fmas\u0131 ve Sergisi), Modelcilik Kul\u00fcb\u00fc Derne\u011fi taraf\u0131ndan 2014 y\u0131l\u0131ndan bu yana her y\u0131l geleneksel olarak d\u00fczenlenen ve d\u00fcnyan\u0131n her yerinden modelcilerin kat\u0131l\u0131m\u0131na a\u00e7\u0131k resmi etkinli\u011fidir. Hotel Mercure Altunizade&#8217;de bu y\u0131l onuncusu\u00a0 d\u00fczenlenecek olan etkinlik, T\u00fcrkiye\u2019nin en b\u00fcy\u00fck modelcilik bulu\u015fmas\u0131 \u00f6zelli\u011fine sahiptir.<\/p>\n<p>2024 y\u0131l\u0131nda dokuzuncusu d\u00fczenlenen etkinli\u011fe 150&#8217;den fazla modelci, 74 adedi sergi olmak \u00fczere toplam 649 model ile kat\u0131l\u0131m sa\u011flam\u0131\u015ft\u0131r. Bu organizasyonda, hem F-4E Phantom u\u00e7aklar\u0131n\u0131n T\u00fcrk Hava Kuvvetleri envanterine giri\u015finin, hem de K\u0131br\u0131s Bar\u0131\u015f Harekat\u0131&#8217;m\u0131z\u0131n 50. y\u0131ld\u00f6n\u00fcmleri olmas\u0131 nedeni ile farkl\u0131 etkinlikler d\u00fczenlendi. Etkinli\u011fin yar\u0131\u015fma k\u0131sm\u0131nda \u00f6zel kategoriler a\u00e7\u0131ld\u0131 ve sergi d\u00fczenlendi. Ayr\u0131ca her iki \u00f6zel tema ile ilgili panel ve sunumlar ger\u00e7ekle\u015ftirildi. Bu panel ve sunumlarda k\u0131ymetli konuklar\u0131m\u0131z K\u0131br\u0131s Gazisi Emekli Hava Pilot Kurmay Binba\u015f\u0131 ve F-100D pilotumuz say\u0131n Vecdi Cafer Vural, K\u0131br\u0131s Gazisi ve M48 tank komutan\u0131m\u0131z say\u0131n Yakup M\u00fcmtaz Ak\u0131nc\u0131lar, Emekli Hava Pilot Binba\u015f\u0131 ve F-4E pilotumuz say\u0131n \u015eefik Ta\u015f, M\u00fcstafi Hava Pilot Binba\u015f\u0131 ve F-4E pilotumuz say\u0131n Semih TA\u015e, konu\u015fmac\u0131lar\u0131m\u0131z Prof. Dr. say\u0131n <span class=\"html-span xdj266r x11i5rnm xat24cr x1mh8g0r xexx8yu x4uap5 x18d9i69 xkhd6sd x1hl2dhg x16tdsg8 x1vvkbs\"><span class=\"xt0psk2\">Burak Samih G\u00fclboy, <\/span><\/span>Prof. Dr. say\u0131n <span class=\"html-span xdj266r x11i5rnm xat24cr x1mh8g0r xexx8yu x4uap5 x18d9i69 xkhd6sd x1hl2dhg x16tdsg8 x1vvkbs\"><span class=\"xt0psk2\">Serhat Guvenc ve hava foto\u011fraf\u00e7\u0131m\u0131z <\/span><\/span>say\u0131n <span class=\"html-span xdj266r x11i5rnm xat24cr x1mh8g0r xexx8yu x4uap5 x18d9i69 xkhd6sd x1hl2dhg x16tdsg8 x1vvkbs\"><span class=\"xt0psk2\">Cem Do\u011fut izleyicilerle bir araya geldiler.<\/span><\/span><\/p>\n<p>24-25 May\u0131s 2025 y\u0131l\u0131nda ger\u00e7ekle\u015ftirilecek olan onuncu etkinlik i\u00e7in planlamalar devam etmekte olup detaylar yak\u0131nda sitemizde a\u00e7\u0131klanacakt\u0131r.<\/p>\n<p style=\"text-align: justify;\">Haz\u0131rlad\u0131\u011f\u0131m\u0131z bu sitede etkinlik ile ilgili ula\u015f\u0131m, konaklama; modellerin kay\u0131t edilmesi ve yar\u0131\u015fman\u0131n kendisi hakk\u0131nda t\u00fcm bilgileri bulabilirsiniz. Di\u011fer sorular\u0131n\u0131z ve bilgi istekleri i\u00e7in l\u00fctfen <a href=\"http:\/\/yarisma.modelcilikkulubu.org\/iletisim\">ileti\u015fim sayfas\u0131<\/a> \u00fczerinden irtibata ge\u00e7iniz.<\/p>\n[\/vc_column][\/vc_row][vc_row full_width=&#8221;stretch_row&#8221; content_placement=&#8221;middle&#8221;][vc_column width=&#8221;1\/1&#8243;][vc_btn title=&#8221;KAYIT FORMU YAKINDA A\u00c7ILACAKTIR.&#8221; color=&#8221;turquoise&#8221; size=&#8221;lg&#8221; align=&#8221;center&#8221; css_animation=&#8221;none&#8221; button_block=&#8221;true&#8221; link=&#8221;url:https%3A%2F%2Fistanbulmodelshow.com%2Flogin-2|title:Kay%C4%B1t%20Formu&#8221;][\/vc_column][\/vc_row][vc_row full_width=&#8221;stretch_row&#8221; content_placement=&#8221;middle&#8221;][vc_column width=&#8221;1\/1&#8243;][vc_btn title=&#8221;10. ISTANBUL MODEL SHOW YARI\u015eMA \u015eARTNAMES\u0130 YAKINDA YAYIMLANACAKTIR.&#8221; color=&#8221;warning&#8221; size=&#8221;lg&#8221; align=&#8221;center&#8221; css_animation=&#8221;none&#8221; button_block=&#8221;true&#8221; link=&#8221;title:Kay%C4%B1t%20Formu&#8221;][\/vc_column][\/vc_row][vc_row][vc_column width=&#8221;1\/1&#8243;]<div  class=\"x-video embed with-container\" ><div class=\"x-video-inner\"><iframe loading=\"lazy\" title=\"YouTube video player\" src=\"https:\/\/www.youtube.com\/embed\/78W9PhsUIvA?si=_-m8j-F2RtGnCi3M\" width=\"560\" height=\"315\" frameborder=\"0\" allowfullscreen=\"allowfullscreen\"><\/iframe><\/div><\/div>[\/vc_column][\/vc_row]\n<\/section>","protected":false},"excerpt":{"rendered":"<p>[vc_row no_margin=&#8221;true&#8221; padding_top=&#8221;10 px&#8221;][vc_column fade_animation_offset=&#8221;4px&#8221; width=&#8221;1\/1&#8243;][\/vc_column][\/vc_row][vc_row full_width=&#8221;stretch_row&#8221; content_placement=&#8221;middle&#8221;][vc_column width=&#8221;1\/1&#8243;][vc_btn title=&#8221;KAYIT FORMU YAKINDA A\u00c7ILACAKTIR.&#8221; color=&#8221;turquoise&#8221; size=&#8221;lg&#8221; align=&#8221;center&#8221; css_animation=&#8221;none&#8221; button_block=&#8221;true&#8221; link=&#8221;url:https%3A%2F%2Fistanbulmodelshow.com%2Flogin-2|title:Kay%C4%B1t%20Formu&#8221;][\/vc_column][\/vc_row][vc_row full_width=&#8221;stretch_row&#8221; content_placement=&#8221;middle&#8221;][vc_column width=&#8221;1\/1&#8243;][vc_btn title=&#8221;10. ISTANBUL MODEL SHOW YARI\u015eMA \u015eARTNAMES\u0130 YAKINDA YAYIMLANACAKTIR.&#8221; color=&#8221;warning&#8221; size=&#8221;lg&#8221; align=&#8221;center&#8221; css_animation=&#8221;none&#8221; button_block=&#8221;true&#8221; link=&#8221;title:Kay%C4%B1t%20Formu&#8221;][\/vc_column][\/vc_row][vc_row][vc_column width=&#8221;1\/1&#8243;][\/vc_column][\/vc_row]<\/p>\n","protected":false},"author":1,"featured_media":0,"parent":0,"menu_order":0,"comment_status":"open","ping_status":"open","template":"template-blank-1.php","meta":{"footnotes":""},"class_list":["post-7709","page","type-page","status-publish","hentry","no-post-thumbnail"],"_links":{"self":[{"href":"https:\/\/istanbulmodelshow.com\/en\/wp-json\/wp\/v2\/pages\/7709","targetHints":{"allow":["GET"]}}],"collection":[{"href":"https:\/\/istanbulmodelshow.com\/en\/wp-json\/wp\/v2\/pages"}],"about":[{"href":"https:\/\/istanbulmodelshow.com\/en\/wp-json\/wp\/v2\/types\/page"}],"author":[{"embeddable":true,"href":"https:\/\/istanbulmodelshow.com\/en\/wp-json\/wp\/v2\/users\/1"}],"replies":[{"embeddable":true,"href":"https:\/\/istanbulmodelshow.com\/en\/wp-json\/wp\/v2\/comments?post=7709"}],"version-history":[{"count":4,"href":"https:\/\/istanbulmodelshow.com\/en\/wp-json\/wp\/v2\/pages\/7709\/revisions"}],"predecessor-version":[{"id":7995,"href":"https:\/\/istanbulmodelshow.com\/en\/wp-json\/wp\/v2\/pages\/7709\/revisions\/7995"}],"wp:attachment":[{"href":"https:\/\/istanbulmodelshow.com\/en\/wp-json\/wp\/v2\/media?parent=7709"}],"curies":[{"name":"wp","href":"https:\/\/api.w.org\/{rel}","templated":true}]}}