{"id":7875,"date":"2025-02-18T14:05:54","date_gmt":"2025-02-18T11:05:54","guid":{"rendered":"https:\/\/yarisma.modelcilikkulubu.org\/?page_id=7875"},"modified":"2025-02-18T14:05:54","modified_gmt":"2025-02-18T11:05:54","slug":"photo-gallery","status":"publish","type":"page","link":"https:\/\/istanbulmodelshow.com\/en\/about-us\/photo-gallery","title":{"rendered":"Photo Gallery"},"content":{"rendered":"<section class=\"wpb-content-wrapper\">[vc_row][vc_column width=&#8221;1\/1&#8243;]<p><a href=\"https:\/\/www.facebook.com\/media\/set\/?set=a.1279726285492929&amp;type=3\">2014 Etkinlik Foto\u011fraflar\u0131 ( 1. \u00d6l\u00e7ekli D\u00fcnyalar Model Show )<\/a><\/p>\n<p><a href=\"https:\/\/www.facebook.com\/media\/set\/?set=a.1316754931790064&amp;type=3\">2015 Etkinlik Foto\u011fraflar\u0131 ( 2. \u00d6l\u00e7ekli D\u00fcnyalar Model Show )<\/a><\/p>\n<p><a href=\"https:\/\/www.facebook.com\/media\/set\/?set=a.1317579898374234&amp;type=3\">2016 Etkinlik Foto\u011fraflar\u0131 ( 3. \u00d6l\u00e7ekli D\u00fcnyalar Model Show )<\/a><\/p>\n<p><a href=\"https:\/\/www.facebook.com\/media\/set\/?set=a.1319133084885582&amp;type=3\">2017 Etkinlik Foto\u011fraflar\u0131 ( 4. \u00d6l\u00e7ekli D\u00fcnyalar Model Show )<\/a><\/p>\n<p>2018 Etkinlik Foto\u011fraflar\u0131 ( 5. \u00d6l\u00e7ekli D\u00fcnyalar Model Show )<\/p>\n<p>2019 Etkinlik Foto\u011fraflar\u0131 ( 6. \u00d6l\u00e7ekli D\u00fcnyalar Model Show )<\/p>\n<p><a href=\"https:\/\/www.facebook.com\/media\/set\/?set=a.2798914520240757&amp;type=3\">2022 Etkinlik Foto\u011fraflar\u0131 ( 7. \u00d6l\u00e7ekli D\u00fcnyalar Model Show )<\/a><\/p>\n<p>2023 Etkinlik Foto\u011fraflar\u0131 ( 8. \u00d6l\u00e7ekli D\u00fcnyalar Model Show )<\/p>\n<p>2024 Etkinlik Foto\u011fraflar\u0131 ( 9. \u00d6l\u00e7ekli D\u00fcnyalar Model Show )<\/p>\n[\/vc_column][\/vc_row]\n<\/section>","protected":false},"excerpt":{"rendered":"<p>[vc_row][vc_column width=&#8221;1\/1&#8243;][\/vc_column][\/vc_row]<\/p>\n","protected":false},"author":1,"featured_media":0,"parent":7622,"menu_order":0,"comment_status":"closed","ping_status":"closed","template":"template-blank-1.php","meta":{"footnotes":""},"class_list":["post-7875","page","type-page","status-publish","hentry","no-post-thumbnail"],"_links":{"self":[{"href":"https:\/\/istanbulmodelshow.com\/en\/wp-json\/wp\/v2\/pages\/7875","targetHints":{"allow":["GET"]}}],"collection":[{"href":"https:\/\/istanbulmodelshow.com\/en\/wp-json\/wp\/v2\/pages"}],"about":[{"href":"https:\/\/istanbulmodelshow.com\/en\/wp-json\/wp\/v2\/types\/page"}],"author":[{"embeddable":true,"href":"https:\/\/istanbulmodelshow.com\/en\/wp-json\/wp\/v2\/users\/1"}],"replies":[{"embeddable":true,"href":"https:\/\/istanbulmodelshow.com\/en\/wp-json\/wp\/v2\/comments?post=7875"}],"version-history":[{"count":1,"href":"https:\/\/istanbulmodelshow.com\/en\/wp-json\/wp\/v2\/pages\/7875\/revisions"}],"predecessor-version":[{"id":7876,"href":"https:\/\/istanbulmodelshow.com\/en\/wp-json\/wp\/v2\/pages\/7875\/revisions\/7876"}],"up":[{"embeddable":true,"href":"https:\/\/istanbulmodelshow.com\/en\/wp-json\/wp\/v2\/pages\/7622"}],"wp:attachment":[{"href":"https:\/\/istanbulmodelshow.com\/en\/wp-json\/wp\/v2\/media?parent=7875"}],"curies":[{"name":"wp","href":"https:\/\/api.w.org\/{rel}","templated":true}]}}